{"id":67,"date":"2018-03-01T17:51:31","date_gmt":"2018-03-01T16:51:31","guid":{"rendered":"http:\/\/nprusztowania.pl\/?page_id=67"},"modified":"2018-04-09T23:51:51","modified_gmt":"2018-04-09T21:51:51","slug":"rusztowania-modulowe","status":"publish","type":"page","link":"https:\/\/nprusztowania.pl\/index.php\/rusztowania-modulowe\/","title":{"rendered":"Rusztowania modu\u0142owe"},"content":{"rendered":"<p>[et_pb_section bb_built=&#8221;1&#8243; fullwidth=&#8221;on&#8221; specialty=&#8221;off&#8221; next_background_color=&#8221;#000000&#8243;][et_pb_fullwidth_header _builder_version=&#8221;3.0.106&#8243; background_image=&#8221;http:\/\/nprusztowania.pl\/wp-content\/uploads\/2018\/03\/3..jpg&#8221; header_fullscreen=&#8221;off&#8221; header_scroll_down=&#8221;off&#8221; image_orientation=&#8221;center&#8221; background_layout=&#8221;light&#8221; content_orientation=&#8221;center&#8221; custom_button_one=&#8221;off&#8221; button_one_icon_placement=&#8221;right&#8221; custom_button_two=&#8221;off&#8221; button_two_icon_placement=&#8221;right&#8221; \/][\/et_pb_section][et_pb_section bb_built=&#8221;1&#8243; prev_background_color=&#8221;#000000&#8243;][et_pb_row][et_pb_column type=&#8221;4_4&#8243;][et_pb_text _builder_version=&#8221;3.0.106&#8243; background_layout=&#8221;light&#8221;]<\/p>\n<h3 style=\"text-align: center;\"><strong>Rusztowanie modu\u0142owe \u2013 Rotax<\/strong><\/h3>\n<p>&nbsp;<\/p>\n<p style=\"text-align: center;\">Rusztowania modu\u0142owe s\u0105 niezb\u0119dne kiedy trzeba u\u017cy\u0107 rusztowa\u0144 przestrzennych; pozwala na odpowiednie dopasowanie do skomplikowanych powierzchni obiektu. Doskonale sprawdza si\u0119 jako rusztowanie przemys\u0142owe, a tak\u017ce ze wzgl\u0119d\u00f3w architektonicznych jest dobrym rozwi\u0105zaniem przy obiektach sakralnych.<\/p>\n<p>[\/et_pb_text][\/et_pb_column][\/et_pb_row][et_pb_row][et_pb_column type=&#8221;1_3&#8243;][et_pb_image _builder_version=&#8221;3.0.106&#8243; src=&#8221;http:\/\/nprusztowania.pl\/wp-content\/uploads\/2018\/03\/DSC_0091-1.jpg&#8221; show_in_lightbox=&#8221;on&#8221; url_new_window=&#8221;off&#8221; use_overlay=&#8221;off&#8221; always_center_on_mobile=&#8221;on&#8221; force_fullwidth=&#8221;off&#8221; show_bottom_space=&#8221;on&#8221; \/][\/et_pb_column][et_pb_column type=&#8221;1_3&#8243;][et_pb_image _builder_version=&#8221;3.0.106&#8243; src=&#8221;http:\/\/nprusztowania.pl\/wp-content\/uploads\/2018\/03\/DSC_0517.jpg&#8221; show_in_lightbox=&#8221;on&#8221; url_new_window=&#8221;off&#8221; use_overlay=&#8221;off&#8221; always_center_on_mobile=&#8221;on&#8221; force_fullwidth=&#8221;off&#8221; show_bottom_space=&#8221;on&#8221; \/][\/et_pb_column][et_pb_column type=&#8221;1_3&#8243;][et_pb_image _builder_version=&#8221;3.0.106&#8243; src=&#8221;http:\/\/nprusztowania.pl\/wp-content\/uploads\/2018\/03\/DSC_0623.jpg&#8221; show_in_lightbox=&#8221;on&#8221; url_new_window=&#8221;off&#8221; use_overlay=&#8221;off&#8221; always_center_on_mobile=&#8221;on&#8221; force_fullwidth=&#8221;off&#8221; show_bottom_space=&#8221;on&#8221; \/][\/et_pb_column][\/et_pb_row][\/et_pb_section]<\/p>\n","protected":false},"excerpt":{"rendered":"<p><div class=\"et_pb_row et_pb_row_0 et_pb_row_empty\">\n\t\t\t\t\n\t\t\t\t\n\t\t\t\t\n\t\t\t\t\n\t\t\t\t\n\t\t\t<\/div> Rusztowanie modu\u0142owe \u2013 Rotax &nbsp; Rusztowania modu\u0142owe s\u0105 niezb\u0119dne kiedy trzeba u\u017cy\u0107 rusztowa\u0144 przestrzennych; pozwala na odpowiednie dopasowanie do skomplikowanych powierzchni obiektu. Doskonale sprawdza si\u0119 jako rusztowanie przemys\u0142owe, a tak\u017ce ze wzgl\u0119d\u00f3w architektonicznych jest dobrym rozwi\u0105zaniem przy obiektach sakralnych. <div class=\"et_pb_row et_pb_row_1 et_pb_row_empty\">\n\t\t\t\t\n\t\t\t\t\n\t\t\t\t\n\t\t\t\t\n\t\t\t\t\n\t\t\t<\/div><\/p>\n","protected":false},"author":1,"featured_media":0,"parent":0,"menu_order":0,"comment_status":"closed","ping_status":"closed","template":"","meta":{"_et_pb_use_builder":"on","_et_pb_old_content":"","_et_gb_content_width":"","footnotes":""},"_links":{"self":[{"href":"https:\/\/nprusztowania.pl\/index.php\/wp-json\/wp\/v2\/pages\/67"}],"collection":[{"href":"https:\/\/nprusztowania.pl\/index.php\/wp-json\/wp\/v2\/pages"}],"about":[{"href":"https:\/\/nprusztowania.pl\/index.php\/wp-json\/wp\/v2\/types\/page"}],"author":[{"embeddable":true,"href":"https:\/\/nprusztowania.pl\/index.php\/wp-json\/wp\/v2\/users\/1"}],"replies":[{"embeddable":true,"href":"https:\/\/nprusztowania.pl\/index.php\/wp-json\/wp\/v2\/comments?post=67"}],"version-history":[{"count":9,"href":"https:\/\/nprusztowania.pl\/index.php\/wp-json\/wp\/v2\/pages\/67\/revisions"}],"predecessor-version":[{"id":295,"href":"https:\/\/nprusztowania.pl\/index.php\/wp-json\/wp\/v2\/pages\/67\/revisions\/295"}],"wp:attachment":[{"href":"https:\/\/nprusztowania.pl\/index.php\/wp-json\/wp\/v2\/media?parent=67"}],"curies":[{"name":"wp","href":"https:\/\/api.w.org\/{rel}","templated":true}]}}